{"id":717,"date":"2024-01-03T11:10:31","date_gmt":"2024-01-03T10:10:31","guid":{"rendered":"https:\/\/raegal.es\/?page_id=717"},"modified":"2025-04-08T08:41:42","modified_gmt":"2025-04-08T06:41:42","slug":"proyectos-de-derribo-y-demolicion","status":"publish","type":"page","link":"https:\/\/raegal.es\/en\/proyectos-de-derribo-y-demolicion\/","title":{"rendered":"Proyectos de Derribo y Demolici\u00f3n"},"content":{"rendered":"<div data-elementor-type=\"wp-page\" data-elementor-id=\"717\" class=\"elementor elementor-717\">\n\t\t\t\t\t\t<section class=\"elementor-section elementor-top-section elementor-element elementor-element-fa8d027 elementor-section-full_width elementor-section-height-default elementor-section-height-default\" data-id=\"fa8d027\" data-element_type=\"section\" data-e-type=\"section\" data-settings=\"{&quot;background_background&quot;:&quot;classic&quot;}\">\n\t\t\t\t\t\t\t<div class=\"elementor-background-overlay\"><\/div>\n\t\t\t\t\t\t\t<div class=\"elementor-container elementor-column-gap-default\">\n\t\t\t\t\t<div class=\"elementor-column elementor-col-50 elementor-top-column elementor-element elementor-element-e955b75\" data-id=\"e955b75\" data-element_type=\"column\" data-e-type=\"column\" data-settings=\"{&quot;background_background&quot;:&quot;classic&quot;}\">\n\t\t\t<div class=\"elementor-widget-wrap\">\n\t\t\t\t\t\t\t<\/div>\n\t\t<\/div>\n\t\t\t\t<div class=\"elementor-column elementor-col-50 elementor-top-column elementor-element elementor-element-39e52fd\" data-id=\"39e52fd\" data-element_type=\"column\" data-e-type=\"column\" data-settings=\"{&quot;background_background&quot;:&quot;classic&quot;}\">\n\t\t\t<div class=\"elementor-widget-wrap elementor-element-populated\">\n\t\t\t\t\t\t<div class=\"elementor-element elementor-element-3335dfa elementor-widget elementor-widget-heading\" data-id=\"3335dfa\" data-element_type=\"widget\" data-e-type=\"widget\" data-widget_type=\"heading.default\">\n\t\t\t\t<div class=\"elementor-widget-container\">\n\t\t\t\t\t<h1 class=\"elementor-heading-title elementor-size-default\">Proyectos de Derribo y Demolici\u00f3n<\/h1>\t\t\t\t<\/div>\n\t\t\t\t<\/div>\n\t\t\t\t<div class=\"elementor-element elementor-element-d3debe1 elementor-widget elementor-widget-text-editor\" data-id=\"d3debe1\" data-element_type=\"widget\" data-e-type=\"widget\" data-widget_type=\"text-editor.default\">\n\t\t\t\t<div class=\"elementor-widget-container\">\n\t\t\t\t\t\t\t\t\t<p data-sourcepos=\"1:1-1:50\"><strong>\u00bfNecesita un Proyecto de Derribo o Demolici\u00f3n?<\/strong><\/p><p data-sourcepos=\"3:1-3:287\">Los proyectos de derribo o demolici\u00f3n son documentos t\u00e9cnicos que definen los trabajos a realizar para la demolici\u00f3n de un edificio o estructura. Estos proyectos deben ser redactados por profesionales cualificados, ya que deben cumplir con los requisitos t\u00e9cnicos y legales establecidos.<\/p><p data-sourcepos=\"5:1-5:305\"><strong>En Raegal, contamos con un equipo de profesionales con amplia experiencia en la redacci\u00f3n de proyectos de derribo y demolici\u00f3n.<\/strong> Podemos ayudarle a redactar su proyecto, estudiando la mejor opci\u00f3n t\u00e9cnica y econ\u00f3mica sin descuidar la seguridad, ni la gesti\u00f3n de los residuos producidos.<\/p><p data-sourcepos=\"7:1-7:19\"><strong>\u00bfQu\u00e9 ofrecemos?<\/strong><\/p><ul data-sourcepos=\"9:1-13:0\"><li data-sourcepos=\"9:1-9:80\">Asesoramiento t\u00e9cnico personalizado en funci\u00f3n de sus necesidades y objetivos.<\/li><li data-sourcepos=\"10:1-10:94\">Redacci\u00f3n de un proyecto de derribo o demolici\u00f3n completo y adaptado a la normativa vigente.<\/li><li data-sourcepos=\"11:1-11:53\">Gesti\u00f3n de los tr\u00e1mites administrativos necesarios.<\/li><li data-sourcepos=\"12:1-13:0\">Asistencia t\u00e9cnica durante la ejecuci\u00f3n de las obras.<\/li><\/ul><p data-sourcepos=\"14:1-14:27\"><strong>\u00bfC\u00f3mo podemos ayudarle?<\/strong><\/p><p data-sourcepos=\"16:1-16:194\">Para empezar, le invitamos a concertar una cita con uno de nuestros asesores. En esta reuni\u00f3n, le ayudaremos a definir sus necesidades y objetivos, y le ofreceremos un presupuesto personalizado.<\/p><p data-sourcepos=\"18:1-18:174\">Una vez que tengamos claro el alcance del proyecto, nos encargaremos de redactar el proyecto de acuerdo a la normativa vigente. El proyecto incluir\u00e1 la siguiente informaci\u00f3n:<\/p><ul data-sourcepos=\"20:1-24:0\"><li data-sourcepos=\"20:1-20:50\">Descripci\u00f3n del edificio o estructura a demoler.<\/li><li data-sourcepos=\"21:1-21:34\">M\u00e9todo de demolici\u00f3n a utilizar.<\/li><li data-sourcepos=\"22:1-22:28\">Plan de seguridad y salud.<\/li><li data-sourcepos=\"23:1-24:0\">Plan de gesti\u00f3n de residuos.<\/li><\/ul><p data-sourcepos=\"25:1-25:117\"><strong>P\u00f3ngase en contacto con nosotros y descubra c\u00f3mo podemos ayudarle a realizar su proyecto de derribo o demolici\u00f3n.<\/strong><\/p>\t\t\t\t\t\t\t\t<\/div>\n\t\t\t\t<\/div>\n\t\t\t\t\t<\/div>\n\t\t<\/div>\n\t\t\t\t\t<\/div>\n\t\t<\/section>\n\t\t\t\t<\/div>","protected":false},"excerpt":{"rendered":"<p>Proyectos de Derribo y Demolici\u00f3n \u00bfNecesita un Proyecto de Derribo o Demolici\u00f3n? Los proyectos de derribo o demolici\u00f3n son documentos t\u00e9cnicos que definen los trabajos a realizar para la demolici\u00f3n de un edificio o estructura. Estos proyectos deben ser redactados por profesionales cualificados, ya que deben cumplir con los requisitos t\u00e9cnicos y legales establecidos. En [&hellip;]<\/p>\n","protected":false},"author":1,"featured_media":0,"parent":0,"menu_order":0,"comment_status":"closed","ping_status":"closed","template":"","meta":{"site-sidebar-layout":"no-sidebar","site-content-layout":"","ast-site-content-layout":"full-width-container","site-content-style":"default","site-sidebar-style":"default","ast-global-header-display":"","ast-banner-title-visibility":"","ast-main-header-display":"","ast-hfb-above-header-display":"","ast-hfb-below-header-display":"","ast-hfb-mobile-header-display":"","site-post-title":"disabled","ast-breadcrumbs-content":"","ast-featured-img":"disabled","footer-sml-layout":"","ast-disable-related-posts":"","theme-transparent-header-meta":"","adv-header-id-meta":"","stick-header-meta":"","header-above-stick-meta":"","header-main-stick-meta":"","header-below-stick-meta":"","astra-migrate-meta-layouts":"default","ast-page-background-enabled":"default","ast-page-background-meta":{"desktop":{"background-color":"var(--ast-global-color-4)","background-image":"","background-repeat":"repeat","background-position":"center center","background-size":"auto","background-attachment":"scroll","background-type":"","background-media":"","overlay-type":"","overlay-color":"","overlay-opacity":"","overlay-gradient":""},"tablet":{"background-color":"","background-image":"","background-repeat":"repeat","background-position":"center center","background-size":"auto","background-attachment":"scroll","background-type":"","background-media":"","overlay-type":"","overlay-color":"","overlay-opacity":"","overlay-gradient":""},"mobile":{"background-color":"","background-image":"","background-repeat":"repeat","background-position":"center center","background-size":"auto","background-attachment":"scroll","background-type":"","background-media":"","overlay-type":"","overlay-color":"","overlay-opacity":"","overlay-gradient":""}},"ast-content-background-meta":{"desktop":{"background-color":"var(--ast-global-color-5)","background-image":"","background-repeat":"repeat","background-position":"center center","background-size":"auto","background-attachment":"scroll","background-type":"","background-media":"","overlay-type":"","overlay-color":"","overlay-opacity":"","overlay-gradient":""},"tablet":{"background-color":"var(--ast-global-color-5)","background-image":"","background-repeat":"repeat","background-position":"center center","background-size":"auto","background-attachment":"scroll","background-type":"","background-media":"","overlay-type":"","overlay-color":"","overlay-opacity":"","overlay-gradient":""},"mobile":{"background-color":"var(--ast-global-color-5)","background-image":"","background-repeat":"repeat","background-position":"center center","background-size":"auto","background-attachment":"scroll","background-type":"","background-media":"","overlay-type":"","overlay-color":"","overlay-opacity":"","overlay-gradient":""}},"footnotes":""},"class_list":["post-717","page","type-page","status-publish","hentry"],"_links":{"self":[{"href":"https:\/\/raegal.es\/en\/wp-json\/wp\/v2\/pages\/717","targetHints":{"allow":["GET"]}}],"collection":[{"href":"https:\/\/raegal.es\/en\/wp-json\/wp\/v2\/pages"}],"about":[{"href":"https:\/\/raegal.es\/en\/wp-json\/wp\/v2\/types\/page"}],"author":[{"embeddable":true,"href":"https:\/\/raegal.es\/en\/wp-json\/wp\/v2\/users\/1"}],"replies":[{"embeddable":true,"href":"https:\/\/raegal.es\/en\/wp-json\/wp\/v2\/comments?post=717"}],"version-history":[{"count":16,"href":"https:\/\/raegal.es\/en\/wp-json\/wp\/v2\/pages\/717\/revisions"}],"predecessor-version":[{"id":947,"href":"https:\/\/raegal.es\/en\/wp-json\/wp\/v2\/pages\/717\/revisions\/947"}],"wp:attachment":[{"href":"https:\/\/raegal.es\/en\/wp-json\/wp\/v2\/media?parent=717"}],"curies":[{"name":"wp","href":"https:\/\/api.w.org\/{rel}","templated":true}]}}