{"id":718,"date":"2024-01-03T11:11:40","date_gmt":"2024-01-03T10:11:40","guid":{"rendered":"https:\/\/raegal.es\/?page_id=718"},"modified":"2024-10-23T11:03:54","modified_gmt":"2024-10-23T09:03:54","slug":"direccion-de-obra-y-asesoria-tecnica","status":"publish","type":"page","link":"https:\/\/raegal.es\/en\/direccion-de-obra-y-asesoria-tecnica\/","title":{"rendered":"Direcci\u00f3n de Obra y Asesor\u00eda T\u00e9cnica"},"content":{"rendered":"\t\t<div data-elementor-type=\"wp-page\" data-elementor-id=\"718\" class=\"elementor elementor-718\">\n\t\t\t\t\t\t<section class=\"elementor-section elementor-top-section elementor-element elementor-element-fa8d027 elementor-section-full_width elementor-section-height-default elementor-section-height-default\" data-id=\"fa8d027\" data-element_type=\"section\" data-e-type=\"section\" data-settings=\"{&quot;background_background&quot;:&quot;classic&quot;}\">\n\t\t\t\t\t\t\t<div class=\"elementor-background-overlay\"><\/div>\n\t\t\t\t\t\t\t<div class=\"elementor-container elementor-column-gap-default\">\n\t\t\t\t\t<div class=\"elementor-column elementor-col-50 elementor-top-column elementor-element elementor-element-e955b75\" data-id=\"e955b75\" data-element_type=\"column\" data-e-type=\"column\" data-settings=\"{&quot;background_background&quot;:&quot;classic&quot;}\">\n\t\t\t<div class=\"elementor-widget-wrap\">\n\t\t\t\t\t\t\t<\/div>\n\t\t<\/div>\n\t\t\t\t<div class=\"elementor-column elementor-col-50 elementor-top-column elementor-element elementor-element-39e52fd\" data-id=\"39e52fd\" data-element_type=\"column\" data-e-type=\"column\" data-settings=\"{&quot;background_background&quot;:&quot;classic&quot;}\">\n\t\t\t<div class=\"elementor-widget-wrap elementor-element-populated\">\n\t\t\t\t\t\t<div class=\"elementor-element elementor-element-3335dfa elementor-widget elementor-widget-heading\" data-id=\"3335dfa\" data-element_type=\"widget\" data-e-type=\"widget\" data-widget_type=\"heading.default\">\n\t\t\t\t<div class=\"elementor-widget-container\">\n\t\t\t\t\t<h1 class=\"elementor-heading-title elementor-size-default\">Direcci\u00f3n de Obra y Asesor\u00eda T\u00e9cnica<\/h1>\t\t\t\t<\/div>\n\t\t\t\t<\/div>\n\t\t\t\t<div class=\"elementor-element elementor-element-d3debe1 elementor-widget elementor-widget-text-editor\" data-id=\"d3debe1\" data-element_type=\"widget\" data-e-type=\"widget\" data-widget_type=\"text-editor.default\">\n\t\t\t\t<div class=\"elementor-widget-container\">\n\t\t\t\t\t\t\t\t\t<p data-sourcepos=\"1:1-1:47\"><strong>\u00bfNecesita un Director T\u00e9cnico para su obra?<\/strong><\/p><p data-sourcepos=\"3:1-3:252\">El director t\u00e9cnico es el profesional responsable de la ejecuci\u00f3n de una obra, desde el punto de vista t\u00e9cnico, administrativo y econ\u00f3mico. Su funci\u00f3n es velar por el cumplimiento del proyecto, la calidad de los materiales y la organizaci\u00f3n de la obra.<\/p><p data-sourcepos=\"5:1-5:223\"><strong>En [nombre de la empresa], contamos con un equipo de directores t\u00e9cnicos con amplia experiencia en el sector de la construcci\u00f3n.<\/strong> Podemos ayudarle a realizar un seguimiento de su obra, garantizando su correcta ejecuci\u00f3n.<\/p><p data-sourcepos=\"7:1-7:19\"><strong>\u00bfQu\u00e9 ofrecemos?<\/strong><\/p><ul data-sourcepos=\"9:1-14:0\"><li data-sourcepos=\"9:1-9:48\">Seguimiento de la obra de acuerdo al proyecto.<\/li><li data-sourcepos=\"10:1-10:42\">Control de la calidad de los materiales.<\/li><li data-sourcepos=\"11:1-11:26\">Organizaci\u00f3n de la obra.<\/li><li data-sourcepos=\"12:1-12:47\">Gesti\u00f3n de los recursos humanos y materiales.<\/li><li data-sourcepos=\"13:1-14:0\">Resoluci\u00f3n de incidencias.<\/li><\/ul><p data-sourcepos=\"15:1-15:27\"><strong>\u00bfC\u00f3mo podemos ayudarle?<\/strong><\/p><p data-sourcepos=\"17:1-17:205\">Para empezar, le invitamos a concertar una cita con uno de nuestros directores t\u00e9cnicos. En esta reuni\u00f3n, le ayudaremos a definir sus necesidades y objetivos, y le ofreceremos un presupuesto personalizado.<\/p><p data-sourcepos=\"19:1-19:356\">Una vez que tengamos claro el alcance de la obra, nos encargaremos de realizar un seguimiento de la obra de acuerdo al proyecto. En este seguimiento, nos aseguraremos de que los trabajos se realizan de acuerdo a las especificaciones t\u00e9cnicas, que los materiales utilizados cumplen con los est\u00e1ndares de calidad y que la obra se organiza de forma eficiente.<\/p><p data-sourcepos=\"21:1-21:81\"><strong>Tambi\u00e9n realizamos labores de asesoramiento en caso de no necesitar proyecto.<\/strong><\/p><p data-sourcepos=\"23:1-23:204\">Si no dispone de un proyecto, podemos ayudarle a elaborar uno. Tambi\u00e9n podemos asesorarle sobre la elecci\u00f3n de los materiales, la organizaci\u00f3n de la obra y la gesti\u00f3n de los recursos humanos y materiales.<\/p><p data-sourcepos=\"25:1-26:35\"><strong>P\u00f3ngase en contacto con nosotros y descubra c\u00f3mo podemos ayudarle a realizar su obra con \u00e9xito.<\/strong><\/p>\t\t\t\t\t\t\t\t<\/div>\n\t\t\t\t<\/div>\n\t\t\t\t\t<\/div>\n\t\t<\/div>\n\t\t\t\t\t<\/div>\n\t\t<\/section>\n\t\t\t\t<\/div>\n\t\t","protected":false},"excerpt":{"rendered":"<p>Direcci\u00f3n de Obra y Asesor\u00eda T\u00e9cnica \u00bfNecesita un Director T\u00e9cnico para su obra? El director t\u00e9cnico es el profesional responsable de la ejecuci\u00f3n de una obra, desde el punto de vista t\u00e9cnico, administrativo y econ\u00f3mico. Su funci\u00f3n es velar por el cumplimiento del proyecto, la calidad de los materiales y la organizaci\u00f3n de la obra. [&hellip;]<\/p>\n","protected":false},"author":1,"featured_media":0,"parent":0,"menu_order":0,"comment_status":"closed","ping_status":"closed","template":"","meta":{"site-sidebar-layout":"no-sidebar","site-content-layout":"","ast-site-content-layout":"full-width-container","site-content-style":"default","site-sidebar-style":"default","ast-global-header-display":"","ast-banner-title-visibility":"","ast-main-header-display":"","ast-hfb-above-header-display":"","ast-hfb-below-header-display":"","ast-hfb-mobile-header-display":"","site-post-title":"disabled","ast-breadcrumbs-content":"","ast-featured-img":"disabled","footer-sml-layout":"","ast-disable-related-posts":"","theme-transparent-header-meta":"","adv-header-id-meta":"","stick-header-meta":"","header-above-stick-meta":"","header-main-stick-meta":"","header-below-stick-meta":"","astra-migrate-meta-layouts":"default","ast-page-background-enabled":"default","ast-page-background-meta":{"desktop":{"background-color":"var(--ast-global-color-4)","background-image":"","background-repeat":"repeat","background-position":"center center","background-size":"auto","background-attachment":"scroll","background-type":"","background-media":"","overlay-type":"","overlay-color":"","overlay-opacity":"","overlay-gradient":""},"tablet":{"background-color":"","background-image":"","background-repeat":"repeat","background-position":"center center","background-size":"auto","background-attachment":"scroll","background-type":"","background-media":"","overlay-type":"","overlay-color":"","overlay-opacity":"","overlay-gradient":""},"mobile":{"background-color":"","background-image":"","background-repeat":"repeat","background-position":"center center","background-size":"auto","background-attachment":"scroll","background-type":"","background-media":"","overlay-type":"","overlay-color":"","overlay-opacity":"","overlay-gradient":""}},"ast-content-background-meta":{"desktop":{"background-color":"var(--ast-global-color-5)","background-image":"","background-repeat":"repeat","background-position":"center center","background-size":"auto","background-attachment":"scroll","background-type":"","background-media":"","overlay-type":"","overlay-color":"","overlay-opacity":"","overlay-gradient":""},"tablet":{"background-color":"var(--ast-global-color-5)","background-image":"","background-repeat":"repeat","background-position":"center center","background-size":"auto","background-attachment":"scroll","background-type":"","background-media":"","overlay-type":"","overlay-color":"","overlay-opacity":"","overlay-gradient":""},"mobile":{"background-color":"var(--ast-global-color-5)","background-image":"","background-repeat":"repeat","background-position":"center center","background-size":"auto","background-attachment":"scroll","background-type":"","background-media":"","overlay-type":"","overlay-color":"","overlay-opacity":"","overlay-gradient":""}},"footnotes":""},"class_list":["post-718","page","type-page","status-publish","hentry"],"_links":{"self":[{"href":"https:\/\/raegal.es\/en\/wp-json\/wp\/v2\/pages\/718","targetHints":{"allow":["GET"]}}],"collection":[{"href":"https:\/\/raegal.es\/en\/wp-json\/wp\/v2\/pages"}],"about":[{"href":"https:\/\/raegal.es\/en\/wp-json\/wp\/v2\/types\/page"}],"author":[{"embeddable":true,"href":"https:\/\/raegal.es\/en\/wp-json\/wp\/v2\/users\/1"}],"replies":[{"embeddable":true,"href":"https:\/\/raegal.es\/en\/wp-json\/wp\/v2\/comments?post=718"}],"version-history":[{"count":13,"href":"https:\/\/raegal.es\/en\/wp-json\/wp\/v2\/pages\/718\/revisions"}],"predecessor-version":[{"id":902,"href":"https:\/\/raegal.es\/en\/wp-json\/wp\/v2\/pages\/718\/revisions\/902"}],"wp:attachment":[{"href":"https:\/\/raegal.es\/en\/wp-json\/wp\/v2\/media?parent=718"}],"curies":[{"name":"wp","href":"https:\/\/api.w.org\/{rel}","templated":true}]}}