{"id":720,"date":"2024-01-03T11:14:24","date_gmt":"2024-01-03T10:14:24","guid":{"rendered":"https:\/\/raegal.es\/?page_id=720"},"modified":"2024-10-23T11:06:34","modified_gmt":"2024-10-23T09:06:34","slug":"informe-de-evaluacion-del-edificio","status":"publish","type":"page","link":"https:\/\/raegal.es\/en\/informe-de-evaluacion-del-edificio\/","title":{"rendered":"Informe de Evaluaci\u00f3n del Edificio"},"content":{"rendered":"<div data-elementor-type=\"wp-page\" data-elementor-id=\"720\" class=\"elementor elementor-720\">\n\t\t\t\t\t\t<section class=\"elementor-section elementor-top-section elementor-element elementor-element-fa8d027 elementor-section-full_width elementor-section-height-default elementor-section-height-default\" data-id=\"fa8d027\" data-element_type=\"section\" data-e-type=\"section\" data-settings=\"{&quot;background_background&quot;:&quot;classic&quot;}\">\n\t\t\t\t\t\t\t<div class=\"elementor-background-overlay\"><\/div>\n\t\t\t\t\t\t\t<div class=\"elementor-container elementor-column-gap-default\">\n\t\t\t\t\t<div class=\"elementor-column elementor-col-50 elementor-top-column elementor-element elementor-element-e955b75\" data-id=\"e955b75\" data-element_type=\"column\" data-e-type=\"column\" data-settings=\"{&quot;background_background&quot;:&quot;classic&quot;}\">\n\t\t\t<div class=\"elementor-widget-wrap\">\n\t\t\t\t\t\t\t<\/div>\n\t\t<\/div>\n\t\t\t\t<div class=\"elementor-column elementor-col-50 elementor-top-column elementor-element elementor-element-39e52fd\" data-id=\"39e52fd\" data-element_type=\"column\" data-e-type=\"column\" data-settings=\"{&quot;background_background&quot;:&quot;classic&quot;}\">\n\t\t\t<div class=\"elementor-widget-wrap elementor-element-populated\">\n\t\t\t\t\t\t<div class=\"elementor-element elementor-element-3335dfa elementor-widget elementor-widget-heading\" data-id=\"3335dfa\" data-element_type=\"widget\" data-e-type=\"widget\" data-widget_type=\"heading.default\">\n\t\t\t\t<div class=\"elementor-widget-container\">\n\t\t\t\t\t<h1 class=\"elementor-heading-title elementor-size-default\">Informe de Evaluaci\u00f3n del Edificio<\/h1>\t\t\t\t<\/div>\n\t\t\t\t<\/div>\n\t\t\t\t<div class=\"elementor-element elementor-element-d3debe1 elementor-widget elementor-widget-text-editor\" data-id=\"d3debe1\" data-element_type=\"widget\" data-e-type=\"widget\" data-widget_type=\"text-editor.default\">\n\t\t\t\t<div class=\"elementor-widget-container\">\n\t\t\t\t\t\t\t\t\t<p data-sourcepos=\"1:1-1:52\"><strong>\u00bfNecesita un Informe de Evaluaci\u00f3n del Edificio?<\/strong><\/p><p data-sourcepos=\"3:1-3:247\">El Informe de Evaluaci\u00f3n del Edificio (IEE) es un documento obligatorio para los edificios de uso residencial de m\u00e1s de 50 a\u00f1os de antig\u00fcedad. Este informe eval\u00faa el estado de conservaci\u00f3n, la accesibilidad y la eficiencia energ\u00e9tica del edificio.<\/p><p data-sourcepos=\"5:1-5:220\"><strong>En Raegal, contamos con un equipo de profesionales con amplia experiencia en la redacci\u00f3n de informes de evaluaci\u00f3n de edificios.<\/strong> Podemos ayudarle a obtener un IEE que cumpla con la normativa vigente.<\/p><p data-sourcepos=\"7:1-7:19\"><strong>\u00bfQu\u00e9 ofrecemos?<\/strong><\/p><ul data-sourcepos=\"9:1-12:0\"><li data-sourcepos=\"9:1-9:80\">Asesoramiento t\u00e9cnico personalizado en funci\u00f3n de sus necesidades y objetivos.<\/li><li data-sourcepos=\"10:1-10:96\">Redacci\u00f3n de un informe de evaluaci\u00f3n del edificio completo y adaptado a la normativa vigente.<\/li><li data-sourcepos=\"11:1-12:0\">Entrega del informe en el plazo establecido por la normativa.<\/li><\/ul><p data-sourcepos=\"13:1-13:27\"><strong>\u00bfC\u00f3mo podemos ayudarle?<\/strong><\/p><p data-sourcepos=\"15:1-15:194\">Para empezar, le invitamos a concertar una cita con uno de nuestros asesores. En esta reuni\u00f3n, le ayudaremos a definir sus necesidades y objetivos, y le ofreceremos un presupuesto personalizado.<\/p><p data-sourcepos=\"17:1-17:257\">Una vez que tengamos claro el alcance del informe, nos encargaremos de realizar un estudio t\u00e9cnico del edificio para evaluar su estado de conservaci\u00f3n, su accesibilidad y su eficiencia energ\u00e9tica. En este estudio, nos basaremos en las siguientes normativas:<\/p><ul data-sourcepos=\"19:1-22:0\"><li data-sourcepos=\"19:1-19:102\"><strong>Real Decreto 843\/2011, de 1 de julio, por el que se aprueba el C\u00f3digo T\u00e9cnico de la Edificaci\u00f3n.<\/strong><\/li><li data-sourcepos=\"20:1-20:236\"><strong>Orden VIV\/561\/2010, de 1 de junio, por la que se desarrolla el Real Decreto 843\/2011, de 1 de julio, por el que se aprueba el C\u00f3digo T\u00e9cnico de la Edificaci\u00f3n, en materia de evaluaci\u00f3n de la eficiencia energ\u00e9tica de los edificios.<\/strong><\/li><li data-sourcepos=\"21:1-22:0\"><strong>Real Decreto 505\/2017, de 11 de mayo, por el que se regula el procedimiento b\u00e1sico para la certificaci\u00f3n de la eficiencia energ\u00e9tica de los edificios.<\/strong><\/li><\/ul><p data-sourcepos=\"23:1-23:97\">Una vez finalizado el estudio, redactaremos un informe que incluir\u00e1 la siguiente informaci\u00f3n:<\/p><ul data-sourcepos=\"25:1-30:0\"><li data-sourcepos=\"25:1-25:31\"><strong>Descripci\u00f3n del edificio.<\/strong><\/li><li data-sourcepos=\"26:1-26:41\"><strong>Estudio del estado de conservaci\u00f3n.<\/strong><\/li><li data-sourcepos=\"27:1-27:34\"><strong>Estudio de la accesibilidad.<\/strong><\/li><li data-sourcepos=\"28:1-28:42\"><strong>Estudio de la eficiencia energ\u00e9tica.<\/strong><\/li><li data-sourcepos=\"29:1-30:0\"><strong>Recomendaciones para mejorar el estado de conservaci\u00f3n, la accesibilidad y la eficiencia energ\u00e9tica del edificio.<\/strong><\/li><\/ul><p data-sourcepos=\"31:1-32:45\">P\u00f3ngase en contacto con nosotros y descubra c\u00f3mo podemos ayudarle a obtener un IEE que cumpla con la normativa vigente y le ayude a mejorar el estado de su edificio.<\/p>\t\t\t\t\t\t\t\t<\/div>\n\t\t\t\t<\/div>\n\t\t\t\t\t<\/div>\n\t\t<\/div>\n\t\t\t\t\t<\/div>\n\t\t<\/section>\n\t\t\t\t<\/div>","protected":false},"excerpt":{"rendered":"<p>Informe de Evaluaci\u00f3n del Edificio \u00bfNecesita un Informe de Evaluaci\u00f3n del Edificio? El Informe de Evaluaci\u00f3n del Edificio (IEE) es un documento obligatorio para los edificios de uso residencial de m\u00e1s de 50 a\u00f1os de antig\u00fcedad. Este informe eval\u00faa el estado de conservaci\u00f3n, la accesibilidad y la eficiencia energ\u00e9tica del edificio. En Raegal, contamos con [&hellip;]<\/p>\n","protected":false},"author":1,"featured_media":0,"parent":0,"menu_order":0,"comment_status":"closed","ping_status":"closed","template":"","meta":{"site-sidebar-layout":"no-sidebar","site-content-layout":"","ast-site-content-layout":"full-width-container","site-content-style":"default","site-sidebar-style":"default","ast-global-header-display":"","ast-banner-title-visibility":"","ast-main-header-display":"","ast-hfb-above-header-display":"","ast-hfb-below-header-display":"","ast-hfb-mobile-header-display":"","site-post-title":"disabled","ast-breadcrumbs-content":"","ast-featured-img":"disabled","footer-sml-layout":"","ast-disable-related-posts":"","theme-transparent-header-meta":"","adv-header-id-meta":"","stick-header-meta":"","header-above-stick-meta":"","header-main-stick-meta":"","header-below-stick-meta":"","astra-migrate-meta-layouts":"default","ast-page-background-enabled":"default","ast-page-background-meta":{"desktop":{"background-color":"var(--ast-global-color-4)","background-image":"","background-repeat":"repeat","background-position":"center center","background-size":"auto","background-attachment":"scroll","background-type":"","background-media":"","overlay-type":"","overlay-color":"","overlay-opacity":"","overlay-gradient":""},"tablet":{"background-color":"","background-image":"","background-repeat":"repeat","background-position":"center center","background-size":"auto","background-attachment":"scroll","background-type":"","background-media":"","overlay-type":"","overlay-color":"","overlay-opacity":"","overlay-gradient":""},"mobile":{"background-color":"","background-image":"","background-repeat":"repeat","background-position":"center center","background-size":"auto","background-attachment":"scroll","background-type":"","background-media":"","overlay-type":"","overlay-color":"","overlay-opacity":"","overlay-gradient":""}},"ast-content-background-meta":{"desktop":{"background-color":"var(--ast-global-color-5)","background-image":"","background-repeat":"repeat","background-position":"center center","background-size":"auto","background-attachment":"scroll","background-type":"","background-media":"","overlay-type":"","overlay-color":"","overlay-opacity":"","overlay-gradient":""},"tablet":{"background-color":"var(--ast-global-color-5)","background-image":"","background-repeat":"repeat","background-position":"center center","background-size":"auto","background-attachment":"scroll","background-type":"","background-media":"","overlay-type":"","overlay-color":"","overlay-opacity":"","overlay-gradient":""},"mobile":{"background-color":"var(--ast-global-color-5)","background-image":"","background-repeat":"repeat","background-position":"center center","background-size":"auto","background-attachment":"scroll","background-type":"","background-media":"","overlay-type":"","overlay-color":"","overlay-opacity":"","overlay-gradient":""}},"footnotes":""},"class_list":["post-720","page","type-page","status-publish","hentry"],"_links":{"self":[{"href":"https:\/\/raegal.es\/en\/wp-json\/wp\/v2\/pages\/720","targetHints":{"allow":["GET"]}}],"collection":[{"href":"https:\/\/raegal.es\/en\/wp-json\/wp\/v2\/pages"}],"about":[{"href":"https:\/\/raegal.es\/en\/wp-json\/wp\/v2\/types\/page"}],"author":[{"embeddable":true,"href":"https:\/\/raegal.es\/en\/wp-json\/wp\/v2\/users\/1"}],"replies":[{"embeddable":true,"href":"https:\/\/raegal.es\/en\/wp-json\/wp\/v2\/comments?post=720"}],"version-history":[{"count":19,"href":"https:\/\/raegal.es\/en\/wp-json\/wp\/v2\/pages\/720\/revisions"}],"predecessor-version":[{"id":908,"href":"https:\/\/raegal.es\/en\/wp-json\/wp\/v2\/pages\/720\/revisions\/908"}],"wp:attachment":[{"href":"https:\/\/raegal.es\/en\/wp-json\/wp\/v2\/media?parent=720"}],"curies":[{"name":"wp","href":"https:\/\/api.w.org\/{rel}","templated":true}]}}