{"id":722,"date":"2024-01-03T11:17:00","date_gmt":"2024-01-03T10:17:00","guid":{"rendered":"https:\/\/raegal.es\/?page_id=722"},"modified":"2024-10-23T11:03:34","modified_gmt":"2024-10-23T09:03:34","slug":"certificacion-energetica","status":"publish","type":"page","link":"https:\/\/raegal.es\/en\/certificacion-energetica\/","title":{"rendered":"Certificaci\u00f3n energ\u00e9tica"},"content":{"rendered":"<div data-elementor-type=\"wp-page\" data-elementor-id=\"722\" class=\"elementor elementor-722\">\n\t\t\t\t\t\t<section class=\"elementor-section elementor-top-section elementor-element elementor-element-fa8d027 elementor-section-full_width elementor-section-height-default elementor-section-height-default\" data-id=\"fa8d027\" data-element_type=\"section\" data-e-type=\"section\" data-settings=\"{&quot;background_background&quot;:&quot;classic&quot;}\">\n\t\t\t\t\t\t\t<div class=\"elementor-background-overlay\"><\/div>\n\t\t\t\t\t\t\t<div class=\"elementor-container elementor-column-gap-default\">\n\t\t\t\t\t<div class=\"elementor-column elementor-col-50 elementor-top-column elementor-element elementor-element-e955b75\" data-id=\"e955b75\" data-element_type=\"column\" data-e-type=\"column\" data-settings=\"{&quot;background_background&quot;:&quot;classic&quot;}\">\n\t\t\t<div class=\"elementor-widget-wrap\">\n\t\t\t\t\t\t\t<\/div>\n\t\t<\/div>\n\t\t\t\t<div class=\"elementor-column elementor-col-50 elementor-top-column elementor-element elementor-element-39e52fd\" data-id=\"39e52fd\" data-element_type=\"column\" data-e-type=\"column\" data-settings=\"{&quot;background_background&quot;:&quot;classic&quot;}\">\n\t\t\t<div class=\"elementor-widget-wrap elementor-element-populated\">\n\t\t\t\t\t\t<div class=\"elementor-element elementor-element-3335dfa elementor-widget elementor-widget-heading\" data-id=\"3335dfa\" data-element_type=\"widget\" data-e-type=\"widget\" data-widget_type=\"heading.default\">\n\t\t\t\t<div class=\"elementor-widget-container\">\n\t\t\t\t\t<h1 class=\"elementor-heading-title elementor-size-default\">Certificaci\u00f3n energ\u00e9tica<\/h1>\t\t\t\t<\/div>\n\t\t\t\t<\/div>\n\t\t\t\t<div class=\"elementor-element elementor-element-d3debe1 elementor-widget elementor-widget-text-editor\" data-id=\"d3debe1\" data-element_type=\"widget\" data-e-type=\"widget\" data-widget_type=\"text-editor.default\">\n\t\t\t\t<div class=\"elementor-widget-container\">\n\t\t\t\t\t\t\t\t\t<p data-sourcepos=\"1:1-1:58\"><strong>\u00bfNecesita una Certificaci\u00f3n Energ\u00e9tica de su vivienda?<\/strong><\/p><p data-sourcepos=\"3:1-3:238\">La Certificaci\u00f3n Energ\u00e9tica es un documento obligatorio para todas las viviendas que se vendan o alquilen. Este documento informa sobre la eficiencia energ\u00e9tica de la vivienda, es decir, sobre su consumo de energ\u00eda y sus emisiones de CO2.<\/p><p data-sourcepos=\"5:1-5:231\"><strong>En Raegal, contamos con un equipo de profesionales con amplia experiencia en la certificaci\u00f3n energ\u00e9tica de viviendas.<\/strong> Podemos ayudarle a obtener una certificaci\u00f3n energ\u00e9tica que cumpla con la normativa vigente.<\/p><p data-sourcepos=\"7:1-7:19\"><strong>\u00bfQu\u00e9 ofrecemos?<\/strong><\/p><ul data-sourcepos=\"9:1-12:0\"><li data-sourcepos=\"9:1-9:80\">Asesoramiento t\u00e9cnico personalizado en funci\u00f3n de sus necesidades y objetivos.<\/li><li data-sourcepos=\"10:1-10:86\">Estudio de los cerramientos de su vivienda para determinar su eficiencia energ\u00e9tica.<\/li><li data-sourcepos=\"11:1-12:0\">Elaboraci\u00f3n de un informe de certificaci\u00f3n energ\u00e9tica completo y adaptado a la normativa vigente.<\/li><\/ul><p data-sourcepos=\"13:1-13:27\"><strong>\u00bfC\u00f3mo podemos ayudarle?<\/strong><\/p><p data-sourcepos=\"15:1-15:194\">Para empezar, le invitamos a concertar una cita con uno de nuestros asesores. En esta reuni\u00f3n, le ayudaremos a definir sus necesidades y objetivos, y le ofreceremos un presupuesto personalizado.<\/p><p data-sourcepos=\"17:1-17:244\">Una vez que tengamos claro el alcance de la certificaci\u00f3n, nos encargaremos de realizar un estudio t\u00e9cnico de su vivienda para determinar la eficiencia energ\u00e9tica de sus cerramientos. En este estudio, nos basaremos en las siguientes normativas:<\/p><ul data-sourcepos=\"19:1-21:0\"><li data-sourcepos=\"19:1-19:129\"><strong>Real Decreto 56\/2016, de 12 de febrero, por el que se regula la certificaci\u00f3n de la eficiencia energ\u00e9tica de los edificios.<\/strong><\/li><li data-sourcepos=\"20:1-21:0\"><strong>Orden IET\/188\/2016, de 29 de septiembre, por la que se desarrolla el Real Decreto 56\/2016, de 12 de febrero, por el que se regula la certificaci\u00f3n de la eficiencia energ\u00e9tica de los edificios.<\/strong><\/li><\/ul><p data-sourcepos=\"22:1-22:125\">Una vez finalizado el estudio, redactaremos un informe de certificaci\u00f3n energ\u00e9tica que incluir\u00e1 la siguiente informaci\u00f3n:<\/p><ul data-sourcepos=\"24:1-28:0\"><li data-sourcepos=\"24:1-24:33\"><strong>Descripci\u00f3n de la vivienda.<\/strong><\/li><li data-sourcepos=\"25:1-25:34\"><strong>Estudio de los cerramientos.<\/strong><\/li><li data-sourcepos=\"26:1-26:45\"><strong>Calificaci\u00f3n energ\u00e9tica de la vivienda.<\/strong><\/li><li data-sourcepos=\"27:1-28:0\"><strong>Recomendaciones para mejorar la eficiencia energ\u00e9tica de la vivienda.<\/strong><\/li><\/ul><p data-sourcepos=\"29:1-30:47\">P\u00f3ngase en contacto con nosotros y descubra c\u00f3mo podemos ayudarle a obtener una certificaci\u00f3n energ\u00e9tica que cumpla con la normativa vigente y le ayude a ahorrar energ\u00eda y dinero.<\/p>\t\t\t\t\t\t\t\t<\/div>\n\t\t\t\t<\/div>\n\t\t\t\t\t<\/div>\n\t\t<\/div>\n\t\t\t\t\t<\/div>\n\t\t<\/section>\n\t\t\t\t<\/div>","protected":false},"excerpt":{"rendered":"<p>Certificaci\u00f3n energ\u00e9tica \u00bfNecesita una Certificaci\u00f3n Energ\u00e9tica de su vivienda? La Certificaci\u00f3n Energ\u00e9tica es un documento obligatorio para todas las viviendas que se vendan o alquilen. Este documento informa sobre la eficiencia energ\u00e9tica de la vivienda, es decir, sobre su consumo de energ\u00eda y sus emisiones de CO2. En Raegal, contamos con un equipo de profesionales [&hellip;]<\/p>\n","protected":false},"author":1,"featured_media":0,"parent":0,"menu_order":0,"comment_status":"closed","ping_status":"closed","template":"","meta":{"site-sidebar-layout":"no-sidebar","site-content-layout":"","ast-site-content-layout":"full-width-container","site-content-style":"default","site-sidebar-style":"default","ast-global-header-display":"","ast-banner-title-visibility":"","ast-main-header-display":"","ast-hfb-above-header-display":"","ast-hfb-below-header-display":"","ast-hfb-mobile-header-display":"","site-post-title":"disabled","ast-breadcrumbs-content":"","ast-featured-img":"disabled","footer-sml-layout":"","ast-disable-related-posts":"","theme-transparent-header-meta":"","adv-header-id-meta":"","stick-header-meta":"","header-above-stick-meta":"","header-main-stick-meta":"","header-below-stick-meta":"","astra-migrate-meta-layouts":"default","ast-page-background-enabled":"default","ast-page-background-meta":{"desktop":{"background-color":"var(--ast-global-color-4)","background-image":"","background-repeat":"repeat","background-position":"center center","background-size":"auto","background-attachment":"scroll","background-type":"","background-media":"","overlay-type":"","overlay-color":"","overlay-opacity":"","overlay-gradient":""},"tablet":{"background-color":"","background-image":"","background-repeat":"repeat","background-position":"center center","background-size":"auto","background-attachment":"scroll","background-type":"","background-media":"","overlay-type":"","overlay-color":"","overlay-opacity":"","overlay-gradient":""},"mobile":{"background-color":"","background-image":"","background-repeat":"repeat","background-position":"center center","background-size":"auto","background-attachment":"scroll","background-type":"","background-media":"","overlay-type":"","overlay-color":"","overlay-opacity":"","overlay-gradient":""}},"ast-content-background-meta":{"desktop":{"background-color":"var(--ast-global-color-5)","background-image":"","background-repeat":"repeat","background-position":"center center","background-size":"auto","background-attachment":"scroll","background-type":"","background-media":"","overlay-type":"","overlay-color":"","overlay-opacity":"","overlay-gradient":""},"tablet":{"background-color":"var(--ast-global-color-5)","background-image":"","background-repeat":"repeat","background-position":"center center","background-size":"auto","background-attachment":"scroll","background-type":"","background-media":"","overlay-type":"","overlay-color":"","overlay-opacity":"","overlay-gradient":""},"mobile":{"background-color":"var(--ast-global-color-5)","background-image":"","background-repeat":"repeat","background-position":"center center","background-size":"auto","background-attachment":"scroll","background-type":"","background-media":"","overlay-type":"","overlay-color":"","overlay-opacity":"","overlay-gradient":""}},"footnotes":""},"class_list":["post-722","page","type-page","status-publish","hentry"],"_links":{"self":[{"href":"https:\/\/raegal.es\/en\/wp-json\/wp\/v2\/pages\/722","targetHints":{"allow":["GET"]}}],"collection":[{"href":"https:\/\/raegal.es\/en\/wp-json\/wp\/v2\/pages"}],"about":[{"href":"https:\/\/raegal.es\/en\/wp-json\/wp\/v2\/types\/page"}],"author":[{"embeddable":true,"href":"https:\/\/raegal.es\/en\/wp-json\/wp\/v2\/users\/1"}],"replies":[{"embeddable":true,"href":"https:\/\/raegal.es\/en\/wp-json\/wp\/v2\/comments?post=722"}],"version-history":[{"count":13,"href":"https:\/\/raegal.es\/en\/wp-json\/wp\/v2\/pages\/722\/revisions"}],"predecessor-version":[{"id":896,"href":"https:\/\/raegal.es\/en\/wp-json\/wp\/v2\/pages\/722\/revisions\/896"}],"wp:attachment":[{"href":"https:\/\/raegal.es\/en\/wp-json\/wp\/v2\/media?parent=722"}],"curies":[{"name":"wp","href":"https:\/\/api.w.org\/{rel}","templated":true}]}}