{"id":87,"date":"2023-10-03T12:27:01","date_gmt":"2023-10-03T10:27:01","guid":{"rendered":"https:\/\/raegal.es\/?page_id=87"},"modified":"2024-06-21T08:55:49","modified_gmt":"2024-06-21T06:55:49","slug":"inicio","status":"publish","type":"page","link":"https:\/\/raegal.es\/en\/","title":{"rendered":"Home"},"content":{"rendered":"<div data-elementor-type=\"wp-page\" data-elementor-id=\"87\" class=\"elementor elementor-87\">\n\t\t\t\t\t\t<section class=\"elementor-section elementor-top-section elementor-element elementor-element-ede3369 elementor-section-full_width elementor-section-height-min-height elementor-section-height-default elementor-section-items-middle\" data-id=\"ede3369\" data-element_type=\"section\" data-e-type=\"section\" data-settings=\"{&quot;background_background&quot;:&quot;classic&quot;}\">\n\t\t\t\t\t\t<div class=\"elementor-container elementor-column-gap-default\">\n\t\t\t\t\t<div class=\"elementor-column elementor-col-50 elementor-top-column elementor-element elementor-element-894025e\" data-id=\"894025e\" data-element_type=\"column\" data-e-type=\"column\" data-settings=\"{&quot;background_background&quot;:&quot;classic&quot;}\">\n\t\t\t<div class=\"elementor-widget-wrap elementor-element-populated\">\n\t\t\t\t\t\t<div class=\"elementor-element elementor-element-ac3929b elementor-widget elementor-widget-heading\" data-id=\"ac3929b\" data-element_type=\"widget\" data-e-type=\"widget\" data-widget_type=\"heading.default\">\n\t\t\t\t<div class=\"elementor-widget-container\">\n\t\t\t\t\t<h1 class=\"elementor-heading-title elementor-size-default\">Raegal<\/h1>\t\t\t\t<\/div>\n\t\t\t\t<\/div>\n\t\t\t\t<div class=\"elementor-element elementor-element-4ce60a5 elementor-widget elementor-widget-heading\" data-id=\"4ce60a5\" data-element_type=\"widget\" data-e-type=\"widget\" data-widget_type=\"heading.default\">\n\t\t\t\t<div class=\"elementor-widget-container\">\n\t\t\t\t\t<h2 class=\"elementor-heading-title elementor-size-default translation-block\">Professional Technical Office \nof Technical Architecture<\/h2>\t\t\t\t<\/div>\n\t\t\t\t<\/div>\n\t\t\t\t<div class=\"elementor-element elementor-element-4c475f1 elementor-widget elementor-widget-text-editor\" data-id=\"4c475f1\" data-element_type=\"widget\" data-e-type=\"widget\" data-widget_type=\"text-editor.default\">\n\t\t\t\t<div class=\"elementor-widget-container\">\n\t\t\t\t\t\t\t\t\tWe carry out a wide range of work related to the design, management, direction and execution of works and projects.\t\t\t\t\t\t\t\t<\/div>\n\t\t\t\t<\/div>\n\t\t\t\t\t<\/div>\n\t\t<\/div>\n\t\t\t\t<div class=\"elementor-column elementor-col-50 elementor-top-column elementor-element elementor-element-f76e47e elementor-hidden-tablet elementor-hidden-mobile\" data-id=\"f76e47e\" data-element_type=\"column\" data-e-type=\"column\">\n\t\t\t<div class=\"elementor-widget-wrap\">\n\t\t\t\t\t\t\t<\/div>\n\t\t<\/div>\n\t\t\t\t\t<\/div>\n\t\t<\/section>\n\t\t\t\t<section class=\"elementor-section elementor-top-section elementor-element elementor-element-ad6ff3a elementor-section-full_width elementor-section-height-default elementor-section-height-default\" data-id=\"ad6ff3a\" data-element_type=\"section\" data-e-type=\"section\">\n\t\t\t\t\t\t<div class=\"elementor-container elementor-column-gap-default\">\n\t\t\t\t\t<div class=\"elementor-column elementor-col-33 elementor-top-column elementor-element elementor-element-1f552e7\" data-id=\"1f552e7\" data-element_type=\"column\" data-e-type=\"column\" data-settings=\"{&quot;background_background&quot;:&quot;classic&quot;}\">\n\t\t\t<div class=\"elementor-widget-wrap elementor-element-populated\">\n\t\t\t\t\t\t<div class=\"elementor-element elementor-element-2684d72 elementor-widget elementor-widget-heading\" data-id=\"2684d72\" data-element_type=\"widget\" data-e-type=\"widget\" data-widget_type=\"heading.default\">\n\t\t\t\t<div class=\"elementor-widget-container\">\n\t\t\t\t\t<h2 class=\"elementor-heading-title elementor-size-default\">Who are we?<\/h2>\t\t\t\t<\/div>\n\t\t\t\t<\/div>\n\t\t\t\t<div class=\"elementor-element elementor-element-7ab8548 elementor-widget elementor-widget-text-editor\" data-id=\"7ab8548\" data-element_type=\"widget\" data-e-type=\"widget\" data-widget_type=\"text-editor.default\">\n\t\t\t\t<div class=\"elementor-widget-container\">\n\t\t\t\t\t\t\t\t\t<p>We are a technical architecture studio in Gij\u00f3n that offers the best solutions for construction in a comprehensive and personalised way.<\/p><p>We analyse and compare to get the solution that best suits your needs.<\/p><p>Nos preocupa la calidad con el menor coste.<\/p>\t\t\t\t\t\t\t\t<\/div>\n\t\t\t\t<\/div>\n\t\t\t\t<div class=\"elementor-element elementor-element-f3d47c8 elementor-widget elementor-widget-button\" data-id=\"f3d47c8\" data-element_type=\"widget\" data-e-type=\"widget\" data-widget_type=\"button.default\">\n\t\t\t\t<div class=\"elementor-widget-container\">\n\t\t\t\t\t\t\t\t\t<div class=\"elementor-button-wrapper\">\n\t\t\t\t\t<a class=\"elementor-button elementor-button-link elementor-size-sm\" href=\"https:\/\/raegal.es\/en\/contacto\/\">\n\t\t\t\t\t\t<span class=\"elementor-button-content-wrapper\">\n\t\t\t\t\t\t\t\t\t<span class=\"elementor-button-text\">Contacta con nosotros<\/span>\n\t\t\t\t\t<\/span>\n\t\t\t\t\t<\/a>\n\t\t\t\t<\/div>\n\t\t\t\t\t\t\t\t<\/div>\n\t\t\t\t<\/div>\n\t\t\t\t\t<\/div>\n\t\t<\/div>\n\t\t\t\t<div class=\"elementor-column elementor-col-33 elementor-top-column elementor-element elementor-element-4613ee3 elementor-hidden-tablet elementor-hidden-mobile\" data-id=\"4613ee3\" data-element_type=\"column\" data-e-type=\"column\">\n\t\t\t<div class=\"elementor-widget-wrap\">\n\t\t\t\t\t\t\t<\/div>\n\t\t<\/div>\n\t\t\t\t<div class=\"elementor-column elementor-col-33 elementor-top-column elementor-element elementor-element-2cac162 elementor-hidden-tablet elementor-hidden-mobile\" data-id=\"2cac162\" data-element_type=\"column\" data-e-type=\"column\">\n\t\t\t<div class=\"elementor-widget-wrap\">\n\t\t\t\t\t\t\t<\/div>\n\t\t<\/div>\n\t\t\t\t\t<\/div>\n\t\t<\/section>\n\t\t\t\t<section class=\"elementor-section elementor-top-section elementor-element elementor-element-dcef01d elementor-section-full_width elementor-section-height-default elementor-section-height-default\" data-id=\"dcef01d\" data-element_type=\"section\" data-e-type=\"section\">\n\t\t\t\t\t\t<div class=\"elementor-container elementor-column-gap-default\">\n\t\t\t\t\t<div class=\"elementor-column elementor-col-33 elementor-top-column elementor-element elementor-element-cfe4021\" data-id=\"cfe4021\" data-element_type=\"column\" data-e-type=\"column\" data-settings=\"{&quot;background_background&quot;:&quot;classic&quot;}\">\n\t\t\t<div class=\"elementor-widget-wrap elementor-element-populated\">\n\t\t\t\t\t\t<div class=\"elementor-element elementor-element-015dfa2 elementor-widget elementor-widget-image\" data-id=\"015dfa2\" data-element_type=\"widget\" data-e-type=\"widget\" data-widget_type=\"image.default\">\n\t\t\t\t<div class=\"elementor-widget-container\">\n\t\t\t\t\t\t\t\t\t\t\t\t\t\t\t<img fetchpriority=\"high\" decoding=\"async\" width=\"1024\" height=\"768\" src=\"https:\/\/raegal.es\/wp-content\/uploads\/2023\/10\/legalizacion-de-obras-1024x768.jpg\" class=\"attachment-large size-large wp-image-36\" alt=\"\" srcset=\"https:\/\/raegal.es\/wp-content\/uploads\/2023\/10\/legalizacion-de-obras-1024x768.jpg 1024w, https:\/\/raegal.es\/wp-content\/uploads\/2023\/10\/legalizacion-de-obras-300x225.jpg 300w, https:\/\/raegal.es\/wp-content\/uploads\/2023\/10\/legalizacion-de-obras-768x576.jpg 768w, https:\/\/raegal.es\/wp-content\/uploads\/2023\/10\/legalizacion-de-obras-1536x1152.jpg 1536w, https:\/\/raegal.es\/wp-content\/uploads\/2023\/10\/legalizacion-de-obras-2048x1536.jpg 2048w, https:\/\/raegal.es\/wp-content\/uploads\/2023\/10\/legalizacion-de-obras-16x12.jpg 16w\" sizes=\"(max-width: 1024px) 100vw, 1024px\" \/>\t\t\t\t\t\t\t\t\t\t\t\t\t\t\t<\/div>\n\t\t\t\t<\/div>\n\t\t\t\t<div class=\"elementor-element elementor-element-840d449 elementor-widget elementor-widget-heading\" data-id=\"840d449\" data-element_type=\"widget\" data-e-type=\"widget\" data-widget_type=\"heading.default\">\n\t\t\t\t<div class=\"elementor-widget-container\">\n\t\t\t\t\t<h4 class=\"elementor-heading-title elementor-size-default\">Adaptation Projects<\/h4>\t\t\t\t<\/div>\n\t\t\t\t<\/div>\n\t\t\t\t<div class=\"elementor-element elementor-element-156b312 elementor-widget elementor-widget-text-editor\" data-id=\"156b312\" data-element_type=\"widget\" data-e-type=\"widget\" data-widget_type=\"text-editor.default\">\n\t\t\t\t<div class=\"elementor-widget-container\">\n\t\t\t\t\t\t\t\t\t<p>-Reports and Certificates<br \/>-Directions of Works<br \/>-Technical Data Sheets<br \/>-Processing of Licences<br \/>-Site Management<br \/>-Measurements and Organisation<br \/>-Expert reports<br \/>-Technical Advice<\/p>\t\t\t\t\t\t\t\t<\/div>\n\t\t\t\t<\/div>\n\t\t\t\t\t<\/div>\n\t\t<\/div>\n\t\t\t\t<div class=\"elementor-column elementor-col-33 elementor-top-column elementor-element elementor-element-1dd50d1\" data-id=\"1dd50d1\" data-element_type=\"column\" data-e-type=\"column\" data-settings=\"{&quot;background_background&quot;:&quot;classic&quot;}\">\n\t\t\t<div class=\"elementor-widget-wrap elementor-element-populated\">\n\t\t\t\t\t\t<div class=\"elementor-element elementor-element-47fc7c9 elementor-widget elementor-widget-image\" data-id=\"47fc7c9\" data-element_type=\"widget\" data-e-type=\"widget\" data-widget_type=\"image.default\">\n\t\t\t\t<div class=\"elementor-widget-container\">\n\t\t\t\t\t\t\t\t\t\t\t\t\t\t\t<img decoding=\"async\" width=\"1024\" height=\"765\" src=\"https:\/\/raegal.es\/wp-content\/uploads\/2023\/10\/proyectos-de-derribo-demolicion-gijon-asturias-1-1024x765.jpg\" class=\"attachment-large size-large wp-image-415\" alt=\"tramitaci\u00f3n de licencias\" srcset=\"https:\/\/raegal.es\/wp-content\/uploads\/2023\/10\/proyectos-de-derribo-demolicion-gijon-asturias-1-1024x765.jpg 1024w, https:\/\/raegal.es\/wp-content\/uploads\/2023\/10\/proyectos-de-derribo-demolicion-gijon-asturias-1-300x224.jpg 300w, https:\/\/raegal.es\/wp-content\/uploads\/2023\/10\/proyectos-de-derribo-demolicion-gijon-asturias-1-768x574.jpg 768w, https:\/\/raegal.es\/wp-content\/uploads\/2023\/10\/proyectos-de-derribo-demolicion-gijon-asturias-1-1536x1147.jpg 1536w, https:\/\/raegal.es\/wp-content\/uploads\/2023\/10\/proyectos-de-derribo-demolicion-gijon-asturias-1-2048x1530.jpg 2048w, https:\/\/raegal.es\/wp-content\/uploads\/2023\/10\/proyectos-de-derribo-demolicion-gijon-asturias-1-16x12.jpg 16w\" sizes=\"(max-width: 1024px) 100vw, 1024px\" \/>\t\t\t\t\t\t\t\t\t\t\t\t\t\t\t<\/div>\n\t\t\t\t<\/div>\n\t\t\t\t<div class=\"elementor-element elementor-element-f60e075 elementor-widget elementor-widget-heading\" data-id=\"f60e075\" data-element_type=\"widget\" data-e-type=\"widget\" data-widget_type=\"heading.default\">\n\t\t\t\t<div class=\"elementor-widget-container\">\n\t\t\t\t\t<h4 class=\"elementor-heading-title elementor-size-default\">Processing of Licences<\/h4>\t\t\t\t<\/div>\n\t\t\t\t<\/div>\n\t\t\t\t<div class=\"elementor-element elementor-element-9cddbc5 elementor-widget elementor-widget-text-editor\" data-id=\"9cddbc5\" data-element_type=\"widget\" data-e-type=\"widget\" data-widget_type=\"text-editor.default\">\n\t\t\t\t<div class=\"elementor-widget-container\">\n\t\t\t\t\t\t\t\t\t<p>Estamos especializados en la gesti\u00f3n y obtenci\u00f3n de licencias de todo tipo, desde licencias de apertura para negocios hasta permisos de obra mayor y menor. Contamos con un equipo de profesionales expertos que te asesorar\u00e1n en cada paso del camino y se encargar\u00e1n de toda la documentaci\u00f3n necesaria para que obtengas tus licencias de forma r\u00e1pida y eficiente.<\/p>\t\t\t\t\t\t\t\t<\/div>\n\t\t\t\t<\/div>\n\t\t\t\t\t<\/div>\n\t\t<\/div>\n\t\t\t\t<div class=\"elementor-column elementor-col-33 elementor-top-column elementor-element elementor-element-5443ae7\" data-id=\"5443ae7\" data-element_type=\"column\" data-e-type=\"column\" data-settings=\"{&quot;background_background&quot;:&quot;classic&quot;}\">\n\t\t\t<div class=\"elementor-widget-wrap elementor-element-populated\">\n\t\t\t\t\t\t<div class=\"elementor-element elementor-element-0f90238 elementor-widget elementor-widget-image\" data-id=\"0f90238\" data-element_type=\"widget\" data-e-type=\"widget\" data-widget_type=\"image.default\">\n\t\t\t\t<div class=\"elementor-widget-container\">\n\t\t\t\t\t\t\t\t\t\t\t\t\t\t\t<img decoding=\"async\" width=\"1024\" height=\"538\" src=\"https:\/\/raegal.es\/wp-content\/uploads\/2023\/10\/pexels-monicore-134065-1024x538.jpg\" class=\"attachment-large size-large wp-image-37\" alt=\"\" srcset=\"https:\/\/raegal.es\/wp-content\/uploads\/2023\/10\/pexels-monicore-134065-1024x538.jpg 1024w, https:\/\/raegal.es\/wp-content\/uploads\/2023\/10\/pexels-monicore-134065-300x158.jpg 300w, https:\/\/raegal.es\/wp-content\/uploads\/2023\/10\/pexels-monicore-134065-768x404.jpg 768w, https:\/\/raegal.es\/wp-content\/uploads\/2023\/10\/pexels-monicore-134065-1536x808.jpg 1536w, https:\/\/raegal.es\/wp-content\/uploads\/2023\/10\/pexels-monicore-134065-2048x1077.jpg 2048w, https:\/\/raegal.es\/wp-content\/uploads\/2023\/10\/pexels-monicore-134065-18x9.jpg 18w\" sizes=\"(max-width: 1024px) 100vw, 1024px\" \/>\t\t\t\t\t\t\t\t\t\t\t\t\t\t\t<\/div>\n\t\t\t\t<\/div>\n\t\t\t\t<div class=\"elementor-element elementor-element-afef17e elementor-widget elementor-widget-heading\" data-id=\"afef17e\" data-element_type=\"widget\" data-e-type=\"widget\" data-widget_type=\"heading.default\">\n\t\t\t\t<div class=\"elementor-widget-container\">\n\t\t\t\t\t<h4 class=\"elementor-heading-title elementor-size-default\">-Site Management<\/h4>\t\t\t\t<\/div>\n\t\t\t\t<\/div>\n\t\t\t\t<div class=\"elementor-element elementor-element-a375380 elementor-widget elementor-widget-text-editor\" data-id=\"a375380\" data-element_type=\"widget\" data-e-type=\"widget\" data-widget_type=\"text-editor.default\">\n\t\t\t\t<div class=\"elementor-widget-container\">\n\t\t\t\t\t\t\t\t\t<p>Nuestra oficina t\u00e9cnica se encuentra situada en Gij\u00f3n<br \/>pero llevamos a cabo todo tipo de trabajos en el \u00e1mbito de toda Asturias.<\/p>\t\t\t\t\t\t\t\t<\/div>\n\t\t\t\t<\/div>\n\t\t\t\t\t<\/div>\n\t\t<\/div>\n\t\t\t\t\t<\/div>\n\t\t<\/section>\n\t\t\t\t<section class=\"elementor-section elementor-top-section elementor-element elementor-element-21333e6 elementor-section-boxed elementor-section-height-default elementor-section-height-default\" data-id=\"21333e6\" data-element_type=\"section\" data-e-type=\"section\">\n\t\t\t\t\t\t<div class=\"elementor-container elementor-column-gap-default\">\n\t\t\t\t\t<div class=\"elementor-column elementor-col-100 elementor-top-column elementor-element elementor-element-ae949f0\" data-id=\"ae949f0\" data-element_type=\"column\" data-e-type=\"column\">\n\t\t\t<div class=\"elementor-widget-wrap elementor-element-populated\">\n\t\t\t\t\t\t<div class=\"elementor-element elementor-element-22f4df7 elementor-widget elementor-widget-image\" data-id=\"22f4df7\" data-element_type=\"widget\" data-e-type=\"widget\" data-widget_type=\"image.default\">\n\t\t\t\t<div class=\"elementor-widget-container\">\n\t\t\t\t\t\t\t\t\t\t\t\t\t\t\t<img loading=\"lazy\" decoding=\"async\" width=\"1024\" height=\"124\" src=\"https:\/\/raegal.es\/wp-content\/uploads\/2023\/10\/Logotipos_Materia_Publicitaria-1024x124.jpg\" class=\"attachment-large size-large wp-image-595\" alt=\"logotipos Kit Digital\" srcset=\"https:\/\/raegal.es\/wp-content\/uploads\/2023\/10\/Logotipos_Materia_Publicitaria-1024x124.jpg 1024w, https:\/\/raegal.es\/wp-content\/uploads\/2023\/10\/Logotipos_Materia_Publicitaria-300x36.jpg 300w, https:\/\/raegal.es\/wp-content\/uploads\/2023\/10\/Logotipos_Materia_Publicitaria-768x93.jpg 768w, https:\/\/raegal.es\/wp-content\/uploads\/2023\/10\/Logotipos_Materia_Publicitaria-18x2.jpg 18w, https:\/\/raegal.es\/wp-content\/uploads\/2023\/10\/Logotipos_Materia_Publicitaria.jpg 1445w\" sizes=\"(max-width: 1024px) 100vw, 1024px\" \/>\t\t\t\t\t\t\t\t\t\t\t\t\t\t\t<\/div>\n\t\t\t\t<\/div>\n\t\t\t\t\t<\/div>\n\t\t<\/div>\n\t\t\t\t\t<\/div>\n\t\t<\/section>\n\t\t\t\t<\/div>","protected":false},"excerpt":{"rendered":"<p>Raegal Despacho T\u00e9cnico Profesional de Arquitectura T\u00e9cnica Realizamos una amplia gama de trabajos relacionados con el dise\u00f1o, la gesti\u00f3n, direcci\u00f3n y ejecuci\u00f3n de obras y proyectos \u00bfQui\u00e9nes somos? Somos un estudio de arquitectura t\u00e9cnica de Gij\u00f3n que ofrece las mejores soluciones para la construcci\u00f3n de forma integral y personalizada. Analizamos y comparamos para conseguir la [&hellip;]<\/p>\n","protected":false},"author":1,"featured_media":0,"parent":0,"menu_order":0,"comment_status":"closed","ping_status":"closed","template":"","meta":{"site-sidebar-layout":"no-sidebar","site-content-layout":"","ast-site-content-layout":"full-width-container","site-content-style":"default","site-sidebar-style":"default","ast-global-header-display":"","ast-banner-title-visibility":"","ast-main-header-display":"","ast-hfb-above-header-display":"","ast-hfb-below-header-display":"","ast-hfb-mobile-header-display":"","site-post-title":"disabled","ast-breadcrumbs-content":"","ast-featured-img":"disabled","footer-sml-layout":"","ast-disable-related-posts":"","theme-transparent-header-meta":"","adv-header-id-meta":"","stick-header-meta":"","header-above-stick-meta":"","header-main-stick-meta":"","header-below-stick-meta":"","astra-migrate-meta-layouts":"default","ast-page-background-enabled":"default","ast-page-background-meta":{"desktop":{"background-color":"var(--ast-global-color-4)","background-image":"","background-repeat":"repeat","background-position":"center center","background-size":"auto","background-attachment":"scroll","background-type":"","background-media":"","overlay-type":"","overlay-color":"","overlay-opacity":"","overlay-gradient":""},"tablet":{"background-color":"","background-image":"","background-repeat":"repeat","background-position":"center center","background-size":"auto","background-attachment":"scroll","background-type":"","background-media":"","overlay-type":"","overlay-color":"","overlay-opacity":"","overlay-gradient":""},"mobile":{"background-color":"","background-image":"","background-repeat":"repeat","background-position":"center center","background-size":"auto","background-attachment":"scroll","background-type":"","background-media":"","overlay-type":"","overlay-color":"","overlay-opacity":"","overlay-gradient":""}},"ast-content-background-meta":{"desktop":{"background-color":"var(--ast-global-color-5)","background-image":"","background-repeat":"repeat","background-position":"center center","background-size":"auto","background-attachment":"scroll","background-type":"","background-media":"","overlay-type":"","overlay-color":"","overlay-opacity":"","overlay-gradient":""},"tablet":{"background-color":"var(--ast-global-color-5)","background-image":"","background-repeat":"repeat","background-position":"center center","background-size":"auto","background-attachment":"scroll","background-type":"","background-media":"","overlay-type":"","overlay-color":"","overlay-opacity":"","overlay-gradient":""},"mobile":{"background-color":"var(--ast-global-color-5)","background-image":"","background-repeat":"repeat","background-position":"center center","background-size":"auto","background-attachment":"scroll","background-type":"","background-media":"","overlay-type":"","overlay-color":"","overlay-opacity":"","overlay-gradient":""}},"footnotes":""},"class_list":["post-87","page","type-page","status-publish","hentry"],"_links":{"self":[{"href":"https:\/\/raegal.es\/en\/wp-json\/wp\/v2\/pages\/87","targetHints":{"allow":["GET"]}}],"collection":[{"href":"https:\/\/raegal.es\/en\/wp-json\/wp\/v2\/pages"}],"about":[{"href":"https:\/\/raegal.es\/en\/wp-json\/wp\/v2\/types\/page"}],"author":[{"embeddable":true,"href":"https:\/\/raegal.es\/en\/wp-json\/wp\/v2\/users\/1"}],"replies":[{"embeddable":true,"href":"https:\/\/raegal.es\/en\/wp-json\/wp\/v2\/comments?post=87"}],"version-history":[{"count":98,"href":"https:\/\/raegal.es\/en\/wp-json\/wp\/v2\/pages\/87\/revisions"}],"predecessor-version":[{"id":882,"href":"https:\/\/raegal.es\/en\/wp-json\/wp\/v2\/pages\/87\/revisions\/882"}],"wp:attachment":[{"href":"https:\/\/raegal.es\/en\/wp-json\/wp\/v2\/media?parent=87"}],"curies":[{"name":"wp","href":"https:\/\/api.w.org\/{rel}","templated":true}]}}